{"id":144,"date":"2015-12-29T12:20:24","date_gmt":"2015-12-29T10:20:24","guid":{"rendered":"http:\/\/www.deeplines.de\/?page_id=144"},"modified":"2016-01-31T16:54:40","modified_gmt":"2016-01-31T14:54:40","slug":"deeplines-2","status":"publish","type":"page","link":"http:\/\/www.deeplines.de\/","title":{"rendered":"Deeplines"},"content":{"rendered":"<p><a href=\"http:\/\/www.deeplines.de\/deeplines-2\/deeplines512x512\" rel=\"attachment wp-att-207\"><img loading=\"lazy\" class=\"alignleft wp-image-207\" src=\"http:\/\/www.deeplines.de\/wp-content\/uploads\/2016\/01\/deeplines512x512-300x300.png\" alt=\"deeplines512x512\" width=\"220\" height=\"220\" srcset=\"http:\/\/www.deeplines.de\/wp-content\/uploads\/2016\/01\/deeplines512x512-300x300.png 300w, http:\/\/www.deeplines.de\/wp-content\/uploads\/2016\/01\/deeplines512x512-150x150.png 150w, http:\/\/www.deeplines.de\/wp-content\/uploads\/2016\/01\/deeplines512x512.png 512w\" sizes=\"(max-width: 220px) 100vw, 220px\" \/><\/a>Die Unternehmung f\u00fcr <a href=\"http:\/\/www.deeplines.de\/?page_id=140\">Softwareentwicklung<\/a> in den Bereichen Vemessung, Hydrographie und Qualit\u00e4tssicherung.<\/p>\n<p>Dar\u00fcber hinaus bieten wir Dienstleistungen im Bereich der terrestrischen und hydrographischen Vermessung,\u00a0Hardware- und Softwareintegration sowie Prozessanalyse- und Dokumentation an.<\/p>\n","protected":false},"excerpt":{"rendered":"<p>Die Unternehmung f\u00fcr Softwareentwicklung in den Bereichen Vemessung, Hydrographie und Qualit\u00e4tssicherung. Dar\u00fcber hinaus bieten wir Dienstleistungen im Bereich der terrestrischen und hydrographischen Vermessung,\u00a0Hardware- und Softwareintegration sowie Prozessanalyse- und Dokumentation an.<\/p>\n","protected":false},"author":1,"featured_media":0,"parent":0,"menu_order":0,"comment_status":"closed","ping_status":"closed","template":"","meta":[],"_links":{"self":[{"href":"http:\/\/www.deeplines.de\/index.php?rest_route=\/wp\/v2\/pages\/144"}],"collection":[{"href":"http:\/\/www.deeplines.de\/index.php?rest_route=\/wp\/v2\/pages"}],"about":[{"href":"http:\/\/www.deeplines.de\/index.php?rest_route=\/wp\/v2\/types\/page"}],"author":[{"embeddable":true,"href":"http:\/\/www.deeplines.de\/index.php?rest_route=\/wp\/v2\/users\/1"}],"replies":[{"embeddable":true,"href":"http:\/\/www.deeplines.de\/index.php?rest_route=%2Fwp%2Fv2%2Fcomments&post=144"}],"version-history":[{"count":19,"href":"http:\/\/www.deeplines.de\/index.php?rest_route=\/wp\/v2\/pages\/144\/revisions"}],"predecessor-version":[{"id":236,"href":"http:\/\/www.deeplines.de\/index.php?rest_route=\/wp\/v2\/pages\/144\/revisions\/236"}],"wp:attachment":[{"href":"http:\/\/www.deeplines.de\/index.php?rest_route=%2Fwp%2Fv2%2Fmedia&parent=144"}],"curies":[{"name":"wp","href":"https:\/\/api.w.org\/{rel}","templated":true}]}}